{"id":107,"date":"2020-10-09T22:29:00","date_gmt":"2020-10-09T20:29:00","guid":{"rendered":"https:\/\/crkdr-nouvelleaquitaine.fr\/?page_id=107"},"modified":"2025-11-05T09:28:57","modified_gmt":"2025-11-05T08:28:57","slug":"les-membres-de-la-crkdr","status":"publish","type":"page","link":"https:\/\/crkdr-nouvelleaquitaine.fr\/index.php\/la-crkdr\/les-membres-de-la-crkdr\/","title":{"rendered":"Les responsables b\u00e9n\u00e9voles"},"content":{"rendered":"\n<p><strong>Le Comit\u00e9 Directeur :<\/strong>&nbsp;1-Jean-Christophe CANIVET (<strong>Pr\u00e9sident<\/strong>), 2-Vincent GUADARRAMA (<strong>Tr\u00e9sorier<\/strong>), 3-Ga\u00ebl KOHN (<strong>Secr\u00e9taire G\u00e9n\u00e9ral<\/strong>), 4-Satoko GUADARRAMA, 5-Dominique CLEVY,  6- Marcel YONNET, 7- Amandine NOWAK, 8- Marie Line TREDEZ, 9- une place reste disponible. <\/p>\n\n\n\n<p><strong>Les Repr\u00e9sentant(e)s des clubs :<\/strong>&nbsp;1- Jean-Christophe CANIVET (Pr\u00e9sident), 2- Vincent GUADARRAMA, 3- Julie MARCHEGAY, 4- Marcel YONNET, 5- Alain RAMAROSON<\/p>\n\n\n\n<p><strong>Les Directeurs Techniques R\u00e9gionaux (DTR) et r\u00e9f\u00e9rents enseignements pour le Certificat d&#8217;Animateur F\u00e9d\u00e9ral &#8211; CAF<\/strong> :<\/p>\n\n\n\n<p>KENDO :  Philippe LABAYE (7e dan kyoshi), Fran\u00e7ois DELAGE (7e dan) , Sabine PERE (7e dan) , Alain-Nicolas DI MEO (7e dan renshi)<\/p>\n\n\n\n<p>IAIDO :  Christophe COTTINEAU (7e dan renshi ), Loic DELALANDE (5e dan)<\/p>\n\n\n\n<p>NAGINATA : Dominique POUCHARD (4e dan)<\/p>\n\n\n\n<p>CHANBARA : Jocelyn CHERRUAULT (8e dan kyoshi) , J\u00e9r\u00e9my COURTOIS (6e dan) <\/p>\n\n\n\n<p>JODO : Jean-Luc DUART (6e dan)<\/p>\n\n\n\n<p><strong>Les rapports annuels de commission <\/strong>:<\/p>\n\n\n\n<div class=\"wp-block-file\"><a href=\"https:\/\/crkdr-nouvelleaquitaine.fr\/wp-content\/uploads\/2025\/10\/rapport-kendo.pdf\">Rapport Kendo<\/a><a href=\"https:\/\/crkdr-nouvelleaquitaine.fr\/wp-content\/uploads\/2025\/10\/rapport-kendo.pdf\" class=\"wp-block-file__button\" download>T\u00e9l\u00e9charger<\/a><\/div>\n\n\n\n<div class=\"wp-block-file\"><a href=\"https:\/\/crkdr-nouvelleaquitaine.fr\/wp-content\/uploads\/2025\/10\/rapport-jeunes.pdf\">Rapport Jeunes<\/a><a href=\"https:\/\/crkdr-nouvelleaquitaine.fr\/wp-content\/uploads\/2025\/10\/rapport-jeunes.pdf\" class=\"wp-block-file__button\" download>T\u00e9l\u00e9charger<\/a><\/div>\n\n\n\n<div class=\"wp-block-file\"><a href=\"https:\/\/crkdr-nouvelleaquitaine.fr\/wp-content\/uploads\/2025\/10\/rapport-feminines.pdf\">Rapport F\u00e9minines<\/a><a href=\"https:\/\/crkdr-nouvelleaquitaine.fr\/wp-content\/uploads\/2025\/10\/rapport-feminines.pdf\" class=\"wp-block-file__button\" download>T\u00e9l\u00e9charger<\/a><\/div>\n\n\n\n<div class=\"wp-block-file\"><a href=\"https:\/\/crkdr-nouvelleaquitaine.fr\/wp-content\/uploads\/2025\/10\/rapport-jodo.pdf\">Rapport Jodo<\/a><a href=\"https:\/\/crkdr-nouvelleaquitaine.fr\/wp-content\/uploads\/2025\/10\/rapport-jodo.pdf\" class=\"wp-block-file__button\" download>T\u00e9l\u00e9charger<\/a><\/div>\n\n\n\n<div class=\"wp-block-file\"><a href=\"https:\/\/crkdr-nouvelleaquitaine.fr\/wp-content\/uploads\/2025\/10\/rapport-chanbara.pdf\">Rapport Chanbara<\/a><a href=\"https:\/\/crkdr-nouvelleaquitaine.fr\/wp-content\/uploads\/2025\/10\/rapport-chanbara.pdf\" class=\"wp-block-file__button\" download>T\u00e9l\u00e9charger<\/a><\/div>\n\n\n\n<div class=\"wp-block-file\"><a href=\"https:\/\/crkdr-nouvelleaquitaine.fr\/wp-content\/uploads\/2025\/10\/rapport-naginata.pdf\">Rapport Naginata<\/a><a href=\"https:\/\/crkdr-nouvelleaquitaine.fr\/wp-content\/uploads\/2025\/10\/rapport-naginata.pdf\" class=\"wp-block-file__button\" download>T\u00e9l\u00e9charger<\/a><\/div>\n\n\n\n<p><strong>Dernier PV d&#8217;AG ordinaire de la CRK Nouvelle-Aquitaine<\/strong> : <\/p>\n\n\n<a href=\"https:\/\/crkdr-nouvelleaquitaine.fr\/wp-content\/uploads\/2025\/10\/pv-ag.pdf\" class=\"pdfemb-viewer\" style=\"\" data-width=\"max\" data-height=\"max\"  data-toolbar=\"bottom\" data-toolbar-fixed=\"on\">pv-ag<br\/><\/a>\n<p class=\"wp-block-pdfemb-pdf-embedder-viewer\"><\/p>\n\n\n\n<p><\/p>\n","protected":false},"excerpt":{"rendered":"<p>Le Comit\u00e9 Directeur :&nbsp;1-Jean-Christophe CANIVET (Pr\u00e9sident), 2-Vincent GUADARRAMA (Tr\u00e9sorier), 3-Ga\u00ebl KOHN (Secr\u00e9taire G\u00e9n\u00e9ral), 4-Satoko GUADARRAMA, 5-Dominique CLEVY, 6- Marcel YONNET, 7- Amandine NOWAK, 8- Marie &hellip; <\/p>\n","protected":false},"author":1,"featured_media":0,"parent":23,"menu_order":1,"comment_status":"closed","ping_status":"closed","template":"","meta":{"footnotes":""},"class_list":["post-107","page","type-page","status-publish","hentry"],"yoast_head":"<!-- This site is optimized with the Yoast SEO plugin v15.1.1 - https:\/\/yoast.com\/wordpress\/plugins\/seo\/ -->\n<title>Les responsables b\u00e9n\u00e9voles - CRKDR Nouvelle Aquitaine<\/title>\n<meta name=\"robots\" content=\"index, follow, max-snippet:-1, max-image-preview:large, max-video-preview:-1\" \/>\n<link rel=\"canonical\" href=\"https:\/\/crkdr-nouvelleaquitaine.fr\/index.php\/la-crkdr\/les-membres-de-la-crkdr\/\" \/>\n<meta property=\"og:locale\" content=\"fr_FR\" \/>\n<meta property=\"og:type\" content=\"article\" \/>\n<meta property=\"og:title\" content=\"Les responsables b\u00e9n\u00e9voles - CRKDR Nouvelle Aquitaine\" \/>\n<meta property=\"og:description\" content=\"Le Comit\u00e9 Directeur :&nbsp;1-Jean-Christophe CANIVET (Pr\u00e9sident), 2-Vincent GUADARRAMA (Tr\u00e9sorier), 3-Ga\u00ebl KOHN (Secr\u00e9taire G\u00e9n\u00e9ral), 4-Satoko GUADARRAMA, 5-Dominique CLEVY, 6- Marcel YONNET, 7- Amandine NOWAK, 8- Marie &hellip;\" \/>\n<meta property=\"og:url\" content=\"https:\/\/crkdr-nouvelleaquitaine.fr\/index.php\/la-crkdr\/les-membres-de-la-crkdr\/\" \/>\n<meta property=\"og:site_name\" content=\"CRKDR Nouvelle Aquitaine\" \/>\n<meta property=\"article:modified_time\" content=\"2025-11-05T08:28:57+00:00\" \/>\n<meta name=\"twitter:card\" content=\"summary_large_image\" \/>\n<script type=\"application\/ld+json\" class=\"yoast-schema-graph\">{\"@context\":\"https:\/\/schema.org\",\"@graph\":[{\"@type\":\"WebSite\",\"@id\":\"https:\/\/crkdr-nouvelleaquitaine.fr\/#website\",\"url\":\"https:\/\/crkdr-nouvelleaquitaine.fr\/\",\"name\":\"CRKDR Nouvelle Aquitaine\",\"description\":\"Les escrimes japonaises \\u00e0 d\\u00e9couvrir en Nouvelle Aquitaine\",\"potentialAction\":[{\"@type\":\"SearchAction\",\"target\":\"https:\/\/crkdr-nouvelleaquitaine.fr\/?s={search_term_string}\",\"query-input\":\"required name=search_term_string\"}],\"inLanguage\":\"fr-FR\"},{\"@type\":\"WebPage\",\"@id\":\"https:\/\/crkdr-nouvelleaquitaine.fr\/index.php\/la-crkdr\/les-membres-de-la-crkdr\/#webpage\",\"url\":\"https:\/\/crkdr-nouvelleaquitaine.fr\/index.php\/la-crkdr\/les-membres-de-la-crkdr\/\",\"name\":\"Les responsables b\\u00e9n\\u00e9voles - CRKDR Nouvelle Aquitaine\",\"isPartOf\":{\"@id\":\"https:\/\/crkdr-nouvelleaquitaine.fr\/#website\"},\"datePublished\":\"2020-10-09T20:29:00+00:00\",\"dateModified\":\"2025-11-05T08:28:57+00:00\",\"inLanguage\":\"fr-FR\",\"potentialAction\":[{\"@type\":\"ReadAction\",\"target\":[\"https:\/\/crkdr-nouvelleaquitaine.fr\/index.php\/la-crkdr\/les-membres-de-la-crkdr\/\"]}]}]}<\/script>\n<!-- \/ Yoast SEO plugin. -->","_links":{"self":[{"href":"https:\/\/crkdr-nouvelleaquitaine.fr\/index.php\/wp-json\/wp\/v2\/pages\/107","targetHints":{"allow":["GET"]}}],"collection":[{"href":"https:\/\/crkdr-nouvelleaquitaine.fr\/index.php\/wp-json\/wp\/v2\/pages"}],"about":[{"href":"https:\/\/crkdr-nouvelleaquitaine.fr\/index.php\/wp-json\/wp\/v2\/types\/page"}],"author":[{"embeddable":true,"href":"https:\/\/crkdr-nouvelleaquitaine.fr\/index.php\/wp-json\/wp\/v2\/users\/1"}],"replies":[{"embeddable":true,"href":"https:\/\/crkdr-nouvelleaquitaine.fr\/index.php\/wp-json\/wp\/v2\/comments?post=107"}],"version-history":[{"count":5,"href":"https:\/\/crkdr-nouvelleaquitaine.fr\/index.php\/wp-json\/wp\/v2\/pages\/107\/revisions"}],"predecessor-version":[{"id":1764,"href":"https:\/\/crkdr-nouvelleaquitaine.fr\/index.php\/wp-json\/wp\/v2\/pages\/107\/revisions\/1764"}],"up":[{"embeddable":true,"href":"https:\/\/crkdr-nouvelleaquitaine.fr\/index.php\/wp-json\/wp\/v2\/pages\/23"}],"wp:attachment":[{"href":"https:\/\/crkdr-nouvelleaquitaine.fr\/index.php\/wp-json\/wp\/v2\/media?parent=107"}],"curies":[{"name":"wp","href":"https:\/\/api.w.org\/{rel}","templated":true}]}}