{"id":1294,"date":"2024-09-07T14:33:19","date_gmt":"2024-09-07T12:33:19","guid":{"rendered":"https:\/\/crkdr-nouvelleaquitaine.fr\/?page_id=1294"},"modified":"2024-10-09T11:51:55","modified_gmt":"2024-10-09T09:51:55","slug":"notre-heritage","status":"publish","type":"page","link":"https:\/\/crkdr-nouvelleaquitaine.fr\/index.php\/notre-heritage\/","title":{"rendered":"Notre h\u00e9ritage"},"content":{"rendered":"\n<h2 class=\"wp-block-heading\">Archives Historiques du Kendo en Nouvelle Aquitaine<\/h2>\n\n\n\n<p>Le Kendo, discipline noble et ancienne des arts martiaux japonais, a une histoire riche et passionnante en France, notamment dans le Sud-Ouest en Nouvelle Aquitaine. <strong>\u00c0 travers des d\u00e9cennies, le Kendo s\u2019est d\u00e9velopp\u00e9 et transmis, gr\u00e2ce \u00e0 l\u2019engagement de passionn\u00e9s, de professeurs et de pratiquants d\u00e9vou\u00e9s.<\/strong><\/p>\n\n\n\n<p>Les deux documents suivants, compil\u00e9s par <strong>Vincent Guadarrama<\/strong>, constituent une pr\u00e9cieuse ressource pour tous les passionn\u00e9s d&#8217;arts martiaux et d&#8217;histoire. Ils retracent de mani\u00e8re d\u00e9taill\u00e9e et document\u00e9e <strong>les grandes \u00e9tapes du d\u00e9veloppement du Kendo dans notre r\u00e9gion<\/strong>. <\/p>\n\n\n\n<h4 class=\"wp-block-heading\">1. <strong>Archives Historiques du Kendo : 1543 \u00e0 1933<\/strong><\/h4>\n\n\n\n<p>Ce document explore les origines du Kendo et des arts martiaux japonais, en remontant jusqu&#8217;aux premiers contacts entre le Japon et les puissances \u00e9trang\u00e8res. Il se penche ensuite sur l\u2019<strong>introduction de ces disciplines en Europe<\/strong>, notamment en France, en soulignant les \u00e9changes culturels et militaires qui ont jou\u00e9 un r\u00f4le central. Le texte s&#8217;appuie sur des r\u00e9cits historiques et des articles de presse pour retracer <strong>les premiers \u00e9changes culturels entre le Japon et la France<\/strong>, incluant des rencontres avec des ma\u00eetres japonais et des d\u00e9monstrations d\u2019arts martiaux lors d\u2019\u00e9v\u00e9nements comme les expositions universelles. Les figures embl\u00e9matiques ayant contribu\u00e9 \u00e0 l&#8217;implantation du Kendo en France et en Europe sont \u00e9galement mises en lumi\u00e8re, illustrant leur r\u00f4le crucial dans la diffusion des arts martiaux japonais \u00e0 travers le continent.<\/p>\n\n\n\n<div class=\"wp-block-file\"><a href=\"https:\/\/crkdr-nouvelleaquitaine.fr\/wp-content\/uploads\/2024\/09\/1-histo-culture-archives-de-1543-a-1933-kendo-sud-ouest-vincent-guadarrama.pdf\">T\u00e9l\u00e9charger la partie 1 <\/a><a href=\"https:\/\/crkdr-nouvelleaquitaine.fr\/wp-content\/uploads\/2024\/09\/1-histo-culture-archives-de-1543-a-1933-kendo-sud-ouest-vincent-guadarrama.pdf\" class=\"wp-block-file__button\" download>T\u00e9l\u00e9charger<\/a><\/div>\n\n\n<a href=\"https:\/\/crkdr-nouvelleaquitaine.fr\/wp-content\/uploads\/2024\/09\/1-histo-culture-archives-de-1543-a-1933-kendo-sud-ouest-vincent-guadarrama.pdf\" class=\"pdfemb-viewer\" style=\"\" data-width=\"max\" data-height=\"max\"  data-toolbar=\"bottom\" data-toolbar-fixed=\"on\">1-histo-culture-archives-de-1543-a-1933-kendo-sud-ouest-vincent-guadarrama<br\/><\/a>\n<p class=\"wp-block-pdfemb-pdf-embedder-viewer\"><\/p>\n\n\n\n<h4 class=\"wp-block-heading\">2. <strong>Archives Historiques du Kendo : 1934 \u00e0 1975<\/strong><\/h4>\n\n\n\n<p>Ce document retrace l&#8217;\u00e9volution du Kendo en France \u00e0 partir de 1934, avec un accent particulier sur le d\u00e9veloppement dans le Sud-Ouest. \u00c0 travers des archives, des r\u00e9cits de pionniers et des t\u00e9moignages d&#8217;\u00e9v\u00e9nements marquants, il illustre <strong>la passion des premiers pratiquants et l&#8217;essor de la discipline dans la r\u00e9gion<\/strong>. Les articles de journaux et documents d\u2019\u00e9poque mettent en lumi\u00e8re les d\u00e9fis et les accomplissements des kendokas, ainsi que l\u2019organisation des premi\u00e8res comp\u00e9titions et stages de formation. Ce document propose <strong>une plong\u00e9e dans l\u2019histoire du Kendo et des arts martiaux dans le Sud-Ouest<\/strong>, des ann\u00e9es 1950 jusqu\u2019aux ann\u00e9es 1970, p\u00e9riode d\u00e9cisive pour l\u2019expansion et la structuration de la discipline en France.<\/p>\n\n\n\n<div class=\"wp-block-file\"><a href=\"https:\/\/crkdr-nouvelleaquitaine.fr\/wp-content\/uploads\/2024\/09\/2-histo-archives-de-1934-a-1975-kendo-sud-ouest-vincent-guadarrama.pdf\">T\u00e9l\u00e9charger la partie 2<\/a><a href=\"https:\/\/crkdr-nouvelleaquitaine.fr\/wp-content\/uploads\/2024\/09\/2-histo-archives-de-1934-a-1975-kendo-sud-ouest-vincent-guadarrama.pdf\" class=\"wp-block-file__button\" download>T\u00e9l\u00e9charger<\/a><\/div>\n\n\n<a href=\"https:\/\/crkdr-nouvelleaquitaine.fr\/wp-content\/uploads\/2024\/09\/2-histo-archives-de-1934-a-1975-kendo-sud-ouest-vincent-guadarrama.pdf\" class=\"pdfemb-viewer\" style=\"\" data-width=\"max\" data-height=\"max\"  data-toolbar=\"bottom\" data-toolbar-fixed=\"on\">2-histo-archives-de-1934-a-1975-kendo-sud-ouest-vincent-guadarrama<br\/><\/a>\n<p class=\"wp-block-pdfemb-pdf-embedder-viewer\"><\/p>\n\n\n\n<p>Ces archives sont<strong> une invitation \u00e0 d\u00e9couvrir les racines du Kendo en Nouvelle-Aquitaine<\/strong>, et \u00e0 comprendre comment cette discipline a pris racine gr\u00e2ce \u00e0 l&#8217;engagement des premi\u00e8res g\u00e9n\u00e9rations de kendokas. Que vous soyez pratiquant, historien ou simplement curieux, ces documents vous apporteront une richesse d\u2019informations sur le parcours de cet art martial dans notre r\u00e9gion.<\/p>\n\n\n\n<p>Nous vous invitons \u00e0 plonger dans cette exploration historique et <strong>\u00e0 rendre hommage \u00e0 ceux qui ont contribu\u00e9 \u00e0 l\u2019\u00e9volution du Kendo dans le Sud-Ouest de la France<\/strong>.<\/p>\n\n\n\n<p>L&#8217;\u00e9quipe de la CRKDR Nouvelle-Aquitaine<\/p>\n","protected":false},"excerpt":{"rendered":"<p>Archives Historiques du Kendo en Nouvelle Aquitaine Le Kendo, discipline noble et ancienne des arts martiaux japonais, a une histoire riche et passionnante en France, &hellip; <\/p>\n","protected":false},"author":1,"featured_media":0,"parent":0,"menu_order":4,"comment_status":"closed","ping_status":"closed","template":"","meta":{"footnotes":""},"class_list":["post-1294","page","type-page","status-publish","hentry"],"yoast_head":"<!-- This site is optimized with the Yoast SEO plugin v15.1.1 - https:\/\/yoast.com\/wordpress\/plugins\/seo\/ -->\n<title>Notre h\u00e9ritage - CRKDR Nouvelle Aquitaine<\/title>\n<meta name=\"robots\" content=\"index, follow, max-snippet:-1, max-image-preview:large, max-video-preview:-1\" \/>\n<link rel=\"canonical\" href=\"https:\/\/crkdr-nouvelleaquitaine.fr\/index.php\/notre-heritage\/\" \/>\n<meta property=\"og:locale\" content=\"fr_FR\" \/>\n<meta property=\"og:type\" content=\"article\" \/>\n<meta property=\"og:title\" content=\"Notre h\u00e9ritage - CRKDR Nouvelle Aquitaine\" \/>\n<meta property=\"og:description\" content=\"Archives Historiques du Kendo en Nouvelle Aquitaine Le Kendo, discipline noble et ancienne des arts martiaux japonais, a une histoire riche et passionnante en France, &hellip;\" \/>\n<meta property=\"og:url\" content=\"https:\/\/crkdr-nouvelleaquitaine.fr\/index.php\/notre-heritage\/\" \/>\n<meta property=\"og:site_name\" content=\"CRKDR Nouvelle Aquitaine\" \/>\n<meta property=\"article:modified_time\" content=\"2024-10-09T09:51:55+00:00\" \/>\n<meta name=\"twitter:card\" content=\"summary_large_image\" \/>\n<script type=\"application\/ld+json\" class=\"yoast-schema-graph\">{\"@context\":\"https:\/\/schema.org\",\"@graph\":[{\"@type\":\"WebSite\",\"@id\":\"https:\/\/crkdr-nouvelleaquitaine.fr\/#website\",\"url\":\"https:\/\/crkdr-nouvelleaquitaine.fr\/\",\"name\":\"CRKDR Nouvelle Aquitaine\",\"description\":\"Les escrimes japonaises \\u00e0 d\\u00e9couvrir en Nouvelle Aquitaine\",\"potentialAction\":[{\"@type\":\"SearchAction\",\"target\":\"https:\/\/crkdr-nouvelleaquitaine.fr\/?s={search_term_string}\",\"query-input\":\"required name=search_term_string\"}],\"inLanguage\":\"fr-FR\"},{\"@type\":\"WebPage\",\"@id\":\"https:\/\/crkdr-nouvelleaquitaine.fr\/index.php\/notre-heritage\/#webpage\",\"url\":\"https:\/\/crkdr-nouvelleaquitaine.fr\/index.php\/notre-heritage\/\",\"name\":\"Notre h\\u00e9ritage - CRKDR Nouvelle Aquitaine\",\"isPartOf\":{\"@id\":\"https:\/\/crkdr-nouvelleaquitaine.fr\/#website\"},\"datePublished\":\"2024-09-07T12:33:19+00:00\",\"dateModified\":\"2024-10-09T09:51:55+00:00\",\"inLanguage\":\"fr-FR\",\"potentialAction\":[{\"@type\":\"ReadAction\",\"target\":[\"https:\/\/crkdr-nouvelleaquitaine.fr\/index.php\/notre-heritage\/\"]}]}]}<\/script>\n<!-- \/ Yoast SEO plugin. -->","_links":{"self":[{"href":"https:\/\/crkdr-nouvelleaquitaine.fr\/index.php\/wp-json\/wp\/v2\/pages\/1294","targetHints":{"allow":["GET"]}}],"collection":[{"href":"https:\/\/crkdr-nouvelleaquitaine.fr\/index.php\/wp-json\/wp\/v2\/pages"}],"about":[{"href":"https:\/\/crkdr-nouvelleaquitaine.fr\/index.php\/wp-json\/wp\/v2\/types\/page"}],"author":[{"embeddable":true,"href":"https:\/\/crkdr-nouvelleaquitaine.fr\/index.php\/wp-json\/wp\/v2\/users\/1"}],"replies":[{"embeddable":true,"href":"https:\/\/crkdr-nouvelleaquitaine.fr\/index.php\/wp-json\/wp\/v2\/comments?post=1294"}],"version-history":[{"count":5,"href":"https:\/\/crkdr-nouvelleaquitaine.fr\/index.php\/wp-json\/wp\/v2\/pages\/1294\/revisions"}],"predecessor-version":[{"id":1332,"href":"https:\/\/crkdr-nouvelleaquitaine.fr\/index.php\/wp-json\/wp\/v2\/pages\/1294\/revisions\/1332"}],"wp:attachment":[{"href":"https:\/\/crkdr-nouvelleaquitaine.fr\/index.php\/wp-json\/wp\/v2\/media?parent=1294"}],"curies":[{"name":"wp","href":"https:\/\/api.w.org\/{rel}","templated":true}]}}